{"id":520,"date":"2023-03-02T10:54:53","date_gmt":"2023-03-02T10:54:53","guid":{"rendered":"https:\/\/tenerifeluxuryresidences.com\/?page_id=520"},"modified":"2024-02-28T12:34:23","modified_gmt":"2024-02-28T12:34:23","slug":"apartamentos-en-alquiler","status":"publish","type":"page","link":"https:\/\/tenerifeluxuryresidences.com\/es\/apartments-for-rent\/","title":{"rendered":"Apartamentos en alquiler en La Caleta, Tenerife"},"content":{"rendered":"<div data-elementor-type=\"wp-page\" data-elementor-id=\"520\" class=\"elementor elementor-520\" data-elementor-post-type=\"page\">\n\t\t\t\t<div class=\"elementor-element elementor-element-1210acc e-flex e-con-boxed e-con e-parent\" data-id=\"1210acc\" data-element_type=\"container\" data-e-type=\"container\" data-settings=\"{&quot;background_background&quot;:&quot;classic&quot;}\">\n\t\t\t\t\t<div class=\"e-con-inner\">\n\t\t\t\t<div class=\"elementor-element elementor-element-06f7421 elementor-widget elementor-widget-heading\" data-id=\"06f7421\" data-element_type=\"widget\" data-e-type=\"widget\" data-widget_type=\"heading.default\">\n\t\t\t\t<div class=\"elementor-widget-container\">\n\t\t\t\t\t<h2 class=\"elementor-heading-title elementor-size-default\">\u00bfBuscas el lugar ideal para descansar en Costa Adeje? Nuestros modernos apartamentos en primera l\u00ednea seguramente te encantar\u00e1n. Una zona tranquila y encantadora con muchos restaurantes gourmet, hermosas vistas al oc\u00e9ano. Consulta hoy mismo con nosotros la disponibilidad de alquiler.<\/h2>\t\t\t\t<\/div>\n\t\t\t\t<\/div>\n\t\t\t\t\t<\/div>\n\t\t\t\t<\/div>\n\t\t<div class=\"elementor-element elementor-element-0cd9871 e-con-full e-flex e-con e-parent\" data-id=\"0cd9871\" data-element_type=\"container\" data-e-type=\"container\">\n\t\t<a class=\"elementor-element elementor-element-9d93103 e-flex e-con-boxed e-con e-child\" data-id=\"9d93103\" data-element_type=\"container\" data-e-type=\"container\" data-settings=\"{&quot;background_background&quot;:&quot;classic&quot;}\" href=\"https:\/\/tenerifeluxuryresidences.com\/es\/apartamento-la-caleta\/\">\n\t\t\t\t\t<div class=\"e-con-inner\">\n\t\t\t\t<div class=\"elementor-element elementor-element-1fa54ee elementor-widget elementor-widget-heading\" data-id=\"1fa54ee\" data-element_type=\"widget\" data-e-type=\"widget\" data-widget_type=\"heading.default\">\n\t\t\t\t<div class=\"elementor-widget-container\">\n\t\t\t\t\t<h2 class=\"elementor-heading-title elementor-size-default\">APARTAMENTO<\/h2>\t\t\t\t<\/div>\n\t\t\t\t<\/div>\n\t\t\t\t<div class=\"elementor-element elementor-element-ec7776d elementor-widget elementor-widget-heading\" data-id=\"ec7776d\" data-element_type=\"widget\" data-e-type=\"widget\" data-widget_type=\"heading.default\">\n\t\t\t\t<div class=\"elementor-widget-container\">\n\t\t\t\t\t<h2 class=\"elementor-heading-title elementor-size-default\">LA CALETA<\/h2>\t\t\t\t<\/div>\n\t\t\t\t<\/div>\n\t\t\t\t<div class=\"elementor-element elementor-element-bc1a583 elementor-widget elementor-widget-image\" data-id=\"bc1a583\" data-element_type=\"widget\" data-e-type=\"widget\" data-widget_type=\"image.default\">\n\t\t\t\t<div class=\"elementor-widget-container\">\n\t\t\t\t\t\t\t\t\t\t\t\t\t\t\t<img decoding=\"async\" width=\"76\" height=\"72\" src=\"https:\/\/tenerifeluxuryresidences.com\/wp-content\/uploads\/2023\/03\/logo-dorado-solo-copia-2.png\" class=\"attachment-large size-large wp-image-559\" alt=\"residencias de lujo en tenerife\" srcset=\"\" \/>\t\t\t\t\t\t\t\t\t\t\t\t\t\t\t<\/div>\n\t\t\t\t<\/div>\n\t\t<div class=\"elementor-element elementor-element-95100bc e-flex e-con-boxed e-con e-child\" data-id=\"95100bc\" data-element_type=\"container\" data-e-type=\"container\">\n\t\t\t\t\t<div class=\"e-con-inner\">\n\t\t\t\t<div class=\"elementor-element elementor-element-e611703 elementor-icon-list--layout-inline elementor-align-center elementor-list-item-link-full_width elementor-widget elementor-widget-icon-list\" data-id=\"e611703\" data-element_type=\"widget\" data-e-type=\"widget\" data-widget_type=\"icon-list.default\">\n\t\t\t\t<div class=\"elementor-widget-container\">\n\t\t\t\t\t\t\t<ul class=\"elementor-icon-list-items elementor-inline-items\">\n\t\t\t\t\t\t\t<li class=\"elementor-icon-list-item elementor-inline-item\">\n\t\t\t\t\t\t\t\t\t\t\t<span class=\"elementor-icon-list-icon\">\n\t\t\t\t\t\t\t<svg aria-hidden=\"true\" class=\"e-font-icon-svg e-fas-bed\" viewbox=\"0 0 640 512\" xmlns=\"http:\/\/www.w3.org\/2000\/svg\"><path d=\"M176 256c44.11 0 80-35.89 80-80s-35.89-80-80-80-80 35.89-80 80 35.89 80 80 80zm352-128H304c-8.84 0-16 7.16-16 16v144H64V80c0-8.84-7.16-16-16-16H16C7.16 64 0 71.16 0 80v352c0 8.84 7.16 16 16 16h32c8.84 0 16-7.16 16-16v-48h512v48c0 8.84 7.16 16 16 16h32c8.84 0 16-7.16 16-16V240c0-61.86-50.14-112-112-112z\"><\/path><\/svg>\t\t\t\t\t\t<\/span>\n\t\t\t\t\t\t\t\t\t\t<span class=\"elementor-icon-list-text\">2<\/span>\n\t\t\t\t\t\t\t\t\t<\/li>\n\t\t\t\t\t\t\t\t<li class=\"elementor-icon-list-item elementor-inline-item\">\n\t\t\t\t\t\t\t\t\t\t\t<span class=\"elementor-icon-list-icon\">\n\t\t\t\t\t\t\t<svg aria-hidden=\"true\" class=\"e-font-icon-svg e-fas-users\" viewbox=\"0 0 640 512\" xmlns=\"http:\/\/www.w3.org\/2000\/svg\"><path d=\"M96 224c35.3 0 64-28.7 64-64s-28.7-64-64-64-64 28.7-64 64 28.7 64 64 64zm448 0c35.3 0 64-28.7 64-64s-28.7-64-64-64-64 28.7-64 64 28.7 64 64 64zm32 32h-64c-17.6 0-33.5 7.1-45.1 18.6 40.3 22.1 68.9 62 75.1 109.4h66c17.7 0 32-14.3 32-32v-32c0-35.3-28.7-64-64-64zm-256 0c61.9 0 112-50.1 112-112S381.9 32 320 32 208 82.1 208 144s50.1 112 112 112zm76.8 32h-8.3c-20.8 10-43.9 16-68.5 16s-47.6-6-68.5-16h-8.3C179.6 288 128 339.6 128 403.2V432c0 26.5 21.5 48 48 48h288c26.5 0 48-21.5 48-48v-28.8c0-63.6-51.6-115.2-115.2-115.2zm-223.7-13.4C161.5 263.1 145.6 256 128 256H64c-35.3 0-64 28.7-64 64v32c0 17.7 14.3 32 32 32h65.9c6.3-47.4 34.9-87.3 75.2-109.4z\"><\/path><\/svg>\t\t\t\t\t\t<\/span>\n\t\t\t\t\t\t\t\t\t\t<span class=\"elementor-icon-list-text\">4<\/span>\n\t\t\t\t\t\t\t\t\t<\/li>\n\t\t\t\t\t\t<\/ul>\n\t\t\t\t\t\t<\/div>\n\t\t\t\t<\/div>\n\t\t\t\t\t<\/div>\n\t\t\t\t<\/div>\n\t\t\t\t\t<\/div>\n\t\t\t\t<\/a>\n\t\t<a class=\"elementor-element elementor-element-20582ac e-flex e-con-boxed e-con e-child\" data-id=\"20582ac\" data-element_type=\"container\" data-e-type=\"container\" data-settings=\"{&quot;background_background&quot;:&quot;classic&quot;}\" href=\"https:\/\/tenerifeluxuryresidences.com\/es\/atico-la-caleta\/\">\n\t\t\t\t\t<div class=\"e-con-inner\">\n\t\t\t\t<div class=\"elementor-element elementor-element-95fe67e elementor-widget elementor-widget-heading\" data-id=\"95fe67e\" data-element_type=\"widget\" data-e-type=\"widget\" data-widget_type=\"heading.default\">\n\t\t\t\t<div class=\"elementor-widget-container\">\n\t\t\t\t\t<h2 class=\"elementor-heading-title elementor-size-default\">\u00c1TICO<\/h2>\t\t\t\t<\/div>\n\t\t\t\t<\/div>\n\t\t\t\t<div class=\"elementor-element elementor-element-305d9b5 elementor-widget elementor-widget-heading\" data-id=\"305d9b5\" data-element_type=\"widget\" data-e-type=\"widget\" data-widget_type=\"heading.default\">\n\t\t\t\t<div class=\"elementor-widget-container\">\n\t\t\t\t\t<h2 class=\"elementor-heading-title elementor-size-default\">LA CALETA<\/h2>\t\t\t\t<\/div>\n\t\t\t\t<\/div>\n\t\t\t\t<div class=\"elementor-element elementor-element-8004ad4 elementor-widget elementor-widget-image\" data-id=\"8004ad4\" data-element_type=\"widget\" data-e-type=\"widget\" data-widget_type=\"image.default\">\n\t\t\t\t<div class=\"elementor-widget-container\">\n\t\t\t\t\t\t\t\t\t\t\t\t\t\t\t<img decoding=\"async\" width=\"76\" height=\"72\" src=\"https:\/\/tenerifeluxuryresidences.com\/wp-content\/uploads\/2023\/03\/logo-dorado-solo-copia-2.png\" class=\"attachment-large size-large wp-image-559\" alt=\"residencias de lujo en tenerife\" srcset=\"\" \/>\t\t\t\t\t\t\t\t\t\t\t\t\t\t\t<\/div>\n\t\t\t\t<\/div>\n\t\t\t\t<div class=\"elementor-element elementor-element-83c819d elementor-icon-list--layout-inline elementor-align-center elementor-list-item-link-full_width elementor-widget elementor-widget-icon-list\" data-id=\"83c819d\" data-element_type=\"widget\" data-e-type=\"widget\" data-widget_type=\"icon-list.default\">\n\t\t\t\t<div class=\"elementor-widget-container\">\n\t\t\t\t\t\t\t<ul class=\"elementor-icon-list-items elementor-inline-items\">\n\t\t\t\t\t\t\t<li class=\"elementor-icon-list-item elementor-inline-item\">\n\t\t\t\t\t\t\t\t\t\t\t<span class=\"elementor-icon-list-icon\">\n\t\t\t\t\t\t\t<svg aria-hidden=\"true\" class=\"e-font-icon-svg e-fas-bed\" viewbox=\"0 0 640 512\" xmlns=\"http:\/\/www.w3.org\/2000\/svg\"><path d=\"M176 256c44.11 0 80-35.89 80-80s-35.89-80-80-80-80 35.89-80 80 35.89 80 80 80zm352-128H304c-8.84 0-16 7.16-16 16v144H64V80c0-8.84-7.16-16-16-16H16C7.16 64 0 71.16 0 80v352c0 8.84 7.16 16 16 16h32c8.84 0 16-7.16 16-16v-48h512v48c0 8.84 7.16 16 16 16h32c8.84 0 16-7.16 16-16V240c0-61.86-50.14-112-112-112z\"><\/path><\/svg>\t\t\t\t\t\t<\/span>\n\t\t\t\t\t\t\t\t\t\t<span class=\"elementor-icon-list-text\">3<\/span>\n\t\t\t\t\t\t\t\t\t<\/li>\n\t\t\t\t\t\t\t\t<li class=\"elementor-icon-list-item elementor-inline-item\">\n\t\t\t\t\t\t\t\t\t\t\t<span class=\"elementor-icon-list-icon\">\n\t\t\t\t\t\t\t<svg aria-hidden=\"true\" class=\"e-font-icon-svg e-fas-users\" viewbox=\"0 0 640 512\" xmlns=\"http:\/\/www.w3.org\/2000\/svg\"><path d=\"M96 224c35.3 0 64-28.7 64-64s-28.7-64-64-64-64 28.7-64 64 28.7 64 64 64zm448 0c35.3 0 64-28.7 64-64s-28.7-64-64-64-64 28.7-64 64 28.7 64 64 64zm32 32h-64c-17.6 0-33.5 7.1-45.1 18.6 40.3 22.1 68.9 62 75.1 109.4h66c17.7 0 32-14.3 32-32v-32c0-35.3-28.7-64-64-64zm-256 0c61.9 0 112-50.1 112-112S381.9 32 320 32 208 82.1 208 144s50.1 112 112 112zm76.8 32h-8.3c-20.8 10-43.9 16-68.5 16s-47.6-6-68.5-16h-8.3C179.6 288 128 339.6 128 403.2V432c0 26.5 21.5 48 48 48h288c26.5 0 48-21.5 48-48v-28.8c0-63.6-51.6-115.2-115.2-115.2zm-223.7-13.4C161.5 263.1 145.6 256 128 256H64c-35.3 0-64 28.7-64 64v32c0 17.7 14.3 32 32 32h65.9c6.3-47.4 34.9-87.3 75.2-109.4z\"><\/path><\/svg>\t\t\t\t\t\t<\/span>\n\t\t\t\t\t\t\t\t\t\t<span class=\"elementor-icon-list-text\">5<\/span>\n\t\t\t\t\t\t\t\t\t<\/li>\n\t\t\t\t\t\t<\/ul>\n\t\t\t\t\t\t<\/div>\n\t\t\t\t<\/div>\n\t\t\t\t\t<\/div>\n\t\t\t\t<\/a>\n\t\t\t\t<\/div>\n\t\t\t\t<\/div>","protected":false},"excerpt":{"rendered":"<p>Are you looking for the perfect place to relax in Costa Adeje? Our modern apartments located right on the waterfront are sure to captivate you. Nestled in a peaceful and charming neighborhood of La Caleta, with numerous exquisite restaurants and breathtaking ocean views, these apartments offer the perfect getaway. Consult with us today to check [&hellip;]<\/p>\n","protected":false},"author":1,"featured_media":521,"parent":0,"menu_order":0,"comment_status":"closed","ping_status":"closed","template":"elementor_header_footer","meta":{"footnotes":""},"class_list":["post-520","page","type-page","status-publish","has-post-thumbnail","hentry"],"yoast_head":"<!-- This site is optimized with the Yoast SEO plugin v27.1.1 - https:\/\/yoast.com\/product\/yoast-seo-wordpress\/ -->\n<title>Apartments for rent in La Caleta, Tenerife - Real Estate Tenerife Luxury Residences<\/title>\n<meta name=\"description\" content=\"Apartments for rent in La Caleta, Tenerife. Prestigious location, spectacular panoramic ocean views. Holiday rentals in Costa Adeje.\" \/>\n<meta name=\"robots\" content=\"index, follow, max-snippet:-1, max-image-preview:large, max-video-preview:-1\" \/>\n<link rel=\"canonical\" href=\"https:\/\/tenerifeluxuryresidences.com\/es\/apartamentos-en-alquiler\/\" \/>\n<meta property=\"og:locale\" content=\"es_ES\" \/>\n<meta property=\"og:type\" content=\"article\" \/>\n<meta property=\"og:title\" content=\"Apartments for rent in La Caleta, Tenerife - Real Estate Tenerife Luxury Residences\" \/>\n<meta property=\"og:description\" content=\"Apartments for rent in La Caleta, Tenerife. Prestigious location, spectacular panoramic ocean views. Holiday rentals in Costa Adeje.\" \/>\n<meta property=\"og:url\" content=\"https:\/\/tenerifeluxuryresidences.com\/es\/apartamentos-en-alquiler\/\" \/>\n<meta property=\"og:site_name\" content=\"Real Estate Tenerife Luxury Residences\" \/>\n<meta property=\"article:modified_time\" content=\"2024-02-28T12:34:23+00:00\" \/>\n<meta property=\"og:image\" content=\"https:\/\/tenerifeluxuryresidences.com\/wp-content\/uploads\/2023\/03\/DSC_1379-2048.jpg\" \/>\n\t<meta property=\"og:image:width\" content=\"1920\" \/>\n\t<meta property=\"og:image:height\" content=\"1282\" \/>\n\t<meta property=\"og:image:type\" content=\"image\/jpeg\" \/>\n<meta name=\"twitter:card\" content=\"summary_large_image\" \/>\n<meta name=\"twitter:label1\" content=\"Tiempo de lectura\" \/>\n\t<meta name=\"twitter:data1\" content=\"1 minuto\" \/>\n<script type=\"application\/ld+json\" class=\"yoast-schema-graph\">{\"@context\":\"https:\/\/schema.org\",\"@graph\":[{\"@type\":\"WebPage\",\"@id\":\"https:\/\/tenerifeluxuryresidences.com\/apartments-for-rent\/\",\"url\":\"https:\/\/tenerifeluxuryresidences.com\/apartments-for-rent\/\",\"name\":\"Apartments for rent in La Caleta, Tenerife - Real Estate Tenerife Luxury Residences\",\"isPartOf\":{\"@id\":\"https:\/\/tenerifeluxuryresidences.com\/#website\"},\"primaryImageOfPage\":{\"@id\":\"https:\/\/tenerifeluxuryresidences.com\/apartments-for-rent\/#primaryimage\"},\"image\":{\"@id\":\"https:\/\/tenerifeluxuryresidences.com\/apartments-for-rent\/#primaryimage\"},\"thumbnailUrl\":\"https:\/\/tenerifeluxuryresidences.com\/wp-content\/uploads\/2023\/03\/DSC_1379-2048.jpg\",\"datePublished\":\"2023-03-02T10:54:53+00:00\",\"dateModified\":\"2024-02-28T12:34:23+00:00\",\"description\":\"Apartments for rent in La Caleta, Tenerife. Prestigious location, spectacular panoramic ocean views. Holiday rentals in Costa Adeje.\",\"breadcrumb\":{\"@id\":\"https:\/\/tenerifeluxuryresidences.com\/apartments-for-rent\/#breadcrumb\"},\"inLanguage\":\"es\",\"potentialAction\":[{\"@type\":\"ReadAction\",\"target\":[\"https:\/\/tenerifeluxuryresidences.com\/apartments-for-rent\/\"]}]},{\"@type\":\"ImageObject\",\"inLanguage\":\"es\",\"@id\":\"https:\/\/tenerifeluxuryresidences.com\/apartments-for-rent\/#primaryimage\",\"url\":\"https:\/\/tenerifeluxuryresidences.com\/wp-content\/uploads\/2023\/03\/DSC_1379-2048.jpg\",\"contentUrl\":\"https:\/\/tenerifeluxuryresidences.com\/wp-content\/uploads\/2023\/03\/DSC_1379-2048.jpg\",\"width\":1920,\"height\":1282,\"caption\":\"Apartments for rent\"},{\"@type\":\"BreadcrumbList\",\"@id\":\"https:\/\/tenerifeluxuryresidences.com\/apartments-for-rent\/#breadcrumb\",\"itemListElement\":[{\"@type\":\"ListItem\",\"position\":1,\"name\":\"Portada\",\"item\":\"https:\/\/tenerifeluxuryresidences.com\/\"},{\"@type\":\"ListItem\",\"position\":2,\"name\":\"Apartments for rent in La Caleta, Tenerife\"}]},{\"@type\":\"WebSite\",\"@id\":\"https:\/\/tenerifeluxuryresidences.com\/#website\",\"url\":\"https:\/\/tenerifeluxuryresidences.com\/\",\"name\":\"Real Estate Tenerife Luxury Residences\",\"description\":\"\",\"publisher\":{\"@id\":\"https:\/\/tenerifeluxuryresidences.com\/#organization\"},\"potentialAction\":[{\"@type\":\"SearchAction\",\"target\":{\"@type\":\"EntryPoint\",\"urlTemplate\":\"https:\/\/tenerifeluxuryresidences.com\/?s={search_term_string}\"},\"query-input\":{\"@type\":\"PropertyValueSpecification\",\"valueRequired\":true,\"valueName\":\"search_term_string\"}}],\"inLanguage\":\"es\"},{\"@type\":\"Organization\",\"@id\":\"https:\/\/tenerifeluxuryresidences.com\/#organization\",\"name\":\"Tenerife Luxury Residences\",\"url\":\"https:\/\/tenerifeluxuryresidences.com\/\",\"logo\":{\"@type\":\"ImageObject\",\"inLanguage\":\"es\",\"@id\":\"https:\/\/tenerifeluxuryresidences.com\/#\/schema\/logo\/image\/\",\"url\":\"https:\/\/tenerifeluxuryresidences.com\/wp-content\/uploads\/2023\/02\/logo-dorado-solo-2.png\",\"contentUrl\":\"https:\/\/tenerifeluxuryresidences.com\/wp-content\/uploads\/2023\/02\/logo-dorado-solo-2.png\",\"width\":472,\"height\":394,\"caption\":\"Tenerife Luxury Residences\"},\"image\":{\"@id\":\"https:\/\/tenerifeluxuryresidences.com\/#\/schema\/logo\/image\/\"},\"sameAs\":[\"https:\/\/www.instagram.com\/tenerifeluxuryresidences\/\"]}]}<\/script>\n<!-- \/ Yoast SEO plugin. -->","yoast_head_json":{"title":"Apartamentos en alquiler en La Caleta, Tenerife - Inmobiliaria Tenerife Residencias de Lujo","description":"Apartamentos en alquiler en La Caleta, Tenerife. Prestigiosa ubicaci\u00f3n, espectaculares vistas panor\u00e1micas al oc\u00e9ano. Alquileres vacacionales en Costa Adeje.","robots":{"index":"index","follow":"follow","max-snippet":"max-snippet:-1","max-image-preview":"max-image-preview:large","max-video-preview":"max-video-preview:-1"},"canonical":"https:\/\/tenerifeluxuryresidences.com\/es\/apartamentos-en-alquiler\/","og_locale":"es_ES","og_type":"article","og_title":"Apartments for rent in La Caleta, Tenerife - Real Estate Tenerife Luxury Residences","og_description":"Apartments for rent in La Caleta, Tenerife. Prestigious location, spectacular panoramic ocean views. Holiday rentals in Costa Adeje.","og_url":"https:\/\/tenerifeluxuryresidences.com\/es\/apartamentos-en-alquiler\/","og_site_name":"Real Estate Tenerife Luxury Residences","article_modified_time":"2024-02-28T12:34:23+00:00","og_image":[{"width":1920,"height":1282,"url":"https:\/\/tenerifeluxuryresidences.com\/wp-content\/uploads\/2023\/03\/DSC_1379-2048.jpg","type":"image\/jpeg"}],"twitter_card":"summary_large_image","twitter_misc":{"Tiempo de lectura":"1 minuto"},"schema":{"@context":"https:\/\/schema.org","@graph":[{"@type":"WebPage","@id":"https:\/\/tenerifeluxuryresidences.com\/apartments-for-rent\/","url":"https:\/\/tenerifeluxuryresidences.com\/apartments-for-rent\/","name":"Apartamentos en alquiler en La Caleta, Tenerife - Inmobiliaria Tenerife Residencias de Lujo","isPartOf":{"@id":"https:\/\/tenerifeluxuryresidences.com\/#website"},"primaryImageOfPage":{"@id":"https:\/\/tenerifeluxuryresidences.com\/apartments-for-rent\/#primaryimage"},"image":{"@id":"https:\/\/tenerifeluxuryresidences.com\/apartments-for-rent\/#primaryimage"},"thumbnailUrl":"https:\/\/tenerifeluxuryresidences.com\/wp-content\/uploads\/2023\/03\/DSC_1379-2048.jpg","datePublished":"2023-03-02T10:54:53+00:00","dateModified":"2024-02-28T12:34:23+00:00","description":"Apartamentos en alquiler en La Caleta, Tenerife. Prestigiosa ubicaci\u00f3n, espectaculares vistas panor\u00e1micas al oc\u00e9ano. Alquileres vacacionales en Costa Adeje.","breadcrumb":{"@id":"https:\/\/tenerifeluxuryresidences.com\/apartments-for-rent\/#breadcrumb"},"inLanguage":"es","potentialAction":[{"@type":"ReadAction","target":["https:\/\/tenerifeluxuryresidences.com\/apartments-for-rent\/"]}]},{"@type":"ImageObject","inLanguage":"es","@id":"https:\/\/tenerifeluxuryresidences.com\/apartments-for-rent\/#primaryimage","url":"https:\/\/tenerifeluxuryresidences.com\/wp-content\/uploads\/2023\/03\/DSC_1379-2048.jpg","contentUrl":"https:\/\/tenerifeluxuryresidences.com\/wp-content\/uploads\/2023\/03\/DSC_1379-2048.jpg","width":1920,"height":1282,"caption":"Apartments for rent"},{"@type":"BreadcrumbList","@id":"https:\/\/tenerifeluxuryresidences.com\/apartments-for-rent\/#breadcrumb","itemListElement":[{"@type":"ListItem","position":1,"name":"Portada","item":"https:\/\/tenerifeluxuryresidences.com\/"},{"@type":"ListItem","position":2,"name":"Apartments for rent in La Caleta, Tenerife"}]},{"@type":"WebSite","@id":"https:\/\/tenerifeluxuryresidences.com\/#website","url":"https:\/\/tenerifeluxuryresidences.com\/","name":"Inmobiliaria Tenerife Luxury Residences","description":"","publisher":{"@id":"https:\/\/tenerifeluxuryresidences.com\/#organization"},"potentialAction":[{"@type":"SearchAction","target":{"@type":"EntryPoint","urlTemplate":"https:\/\/tenerifeluxuryresidences.com\/?s={search_term_string}"},"query-input":{"@type":"PropertyValueSpecification","valueRequired":true,"valueName":"search_term_string"}}],"inLanguage":"es"},{"@type":"Organization","@id":"https:\/\/tenerifeluxuryresidences.com\/#organization","name":"Tenerife Luxury Residences","url":"https:\/\/tenerifeluxuryresidences.com\/","logo":{"@type":"ImageObject","inLanguage":"es","@id":"https:\/\/tenerifeluxuryresidences.com\/#\/schema\/logo\/image\/","url":"https:\/\/tenerifeluxuryresidences.com\/wp-content\/uploads\/2023\/02\/logo-dorado-solo-2.png","contentUrl":"https:\/\/tenerifeluxuryresidences.com\/wp-content\/uploads\/2023\/02\/logo-dorado-solo-2.png","width":472,"height":394,"caption":"Tenerife Luxury Residences"},"image":{"@id":"https:\/\/tenerifeluxuryresidences.com\/#\/schema\/logo\/image\/"},"sameAs":["https:\/\/www.instagram.com\/tenerifeluxuryresidences\/"]}]}},"_links":{"self":[{"href":"https:\/\/tenerifeluxuryresidences.com\/es\/wp-json\/wp\/v2\/pages\/520","targetHints":{"allow":["GET"]}}],"collection":[{"href":"https:\/\/tenerifeluxuryresidences.com\/es\/wp-json\/wp\/v2\/pages"}],"about":[{"href":"https:\/\/tenerifeluxuryresidences.com\/es\/wp-json\/wp\/v2\/types\/page"}],"author":[{"embeddable":true,"href":"https:\/\/tenerifeluxuryresidences.com\/es\/wp-json\/wp\/v2\/users\/1"}],"replies":[{"embeddable":true,"href":"https:\/\/tenerifeluxuryresidences.com\/es\/wp-json\/wp\/v2\/comments?post=520"}],"version-history":[{"count":0,"href":"https:\/\/tenerifeluxuryresidences.com\/es\/wp-json\/wp\/v2\/pages\/520\/revisions"}],"wp:featuredmedia":[{"embeddable":true,"href":"https:\/\/tenerifeluxuryresidences.com\/es\/wp-json\/wp\/v2\/media\/521"}],"wp:attachment":[{"href":"https:\/\/tenerifeluxuryresidences.com\/es\/wp-json\/wp\/v2\/media?parent=520"}],"curies":[{"name":"wp","href":"https:\/\/api.w.org\/{rel}","templated":true}]}}