{"id":926,"date":"2023-03-08T14:12:23","date_gmt":"2023-03-08T14:12:23","guid":{"rendered":"https:\/\/tenerifeluxuryresidences.com\/?page_id=926"},"modified":"2023-09-04T12:04:16","modified_gmt":"2023-09-04T12:04:16","slug":"aviso-legal","status":"publish","type":"page","link":"https:\/\/tenerifeluxuryresidences.com\/es\/aviso-legal\/","title":{"rendered":"Aviso legal"},"content":{"rendered":"<div data-elementor-type=\"wp-page\" data-elementor-id=\"926\" class=\"elementor elementor-926\" data-elementor-post-type=\"page\">\n\t\t\t\t\t\t<section class=\"elementor-section elementor-top-section elementor-element elementor-element-a68e70c elementor-section-boxed elementor-section-height-default elementor-section-height-default\" data-id=\"a68e70c\" data-element_type=\"section\" data-e-type=\"section\">\n\t\t\t\t\t\t<div class=\"elementor-container elementor-column-gap-default\">\n\t\t\t\t\t<div class=\"elementor-column elementor-col-100 elementor-top-column elementor-element elementor-element-83748ef\" data-id=\"83748ef\" data-element_type=\"column\" data-e-type=\"column\">\n\t\t\t<div class=\"elementor-widget-wrap elementor-element-populated\">\n\t\t\t\t\t\t<div class=\"elementor-element elementor-element-222b747 elementor-widget elementor-widget-text-editor\" data-id=\"222b747\" data-element_type=\"widget\" data-e-type=\"widget\" data-widget_type=\"text-editor.default\">\n\t\t\t\t<div class=\"elementor-widget-container\">\n\t\t\t\t\t\t\t\t\t<p><strong>AVISO LEGAL<\/strong><\/p><p><strong><u>Identificaci\u00f3n de www.tenerifeluxuryresidences.com<\/u><\/strong><\/p><p><strong>Actual Properties, S.L.<\/strong>, en adelante, <strong>Tenerife Luxury Residences<\/strong>, es una entidad privada, cuyo objeto principal es la gesti\u00f3n inmobiliaria.<\/p><p>En cumplimiento con el deber de informaci\u00f3n recogido en el art\u00edculo 10 de la <a href=\"https:\/\/www.boe.es\/buscar\/act.php?id=BOE-A-2002-13758\">Ley 34\/2002, de 11 de julio, de Servicios de la Sociedad de la Informaci\u00f3n y de Comercio Electr\u00f3nico<\/a> (<strong>LSSICE<\/strong>), los datos aqu\u00ed consignados corresponden a <strong>Actual Properties, S.L.<\/strong>, titular de esta web www.tenerifeluxuryresidences.com, con CIF B38585840, domiciliada en C\/ Londres N\u00ba16, Residencial Habitats del Duque, N\u00ba 5, 38660 Adeje \u2013 S\/C de Tenerife, Espa\u00f1a, tel\u00e9fono 922 718 307 y correo electr\u00f3nico de contacto royal@actualproperties.com<\/p><p>Se encuentra inscrita en el Registro Mercantil de Tenerife Tomo 1999, folio 184, hoja n\u00famero TF-22865<\/p><p><strong><u>Propiedad Industrial e Intelectual<\/u><\/strong><\/p><p>Todos los derechos de Propiedad Industrial e Intelectual de la totalidad de elementos contenidos en esta Web, incluidas las marcas comerciales, formatos, dise\u00f1os gr\u00e1ficos e im\u00e1genes que configuran la plantilla de esta web, pertenecen a los desarrolladores de la misma.<\/p><p>Del mismo modo, las im\u00e1genes, documentos, textos, as\u00ed como resto de archivos que el titular de esta web pueda incluir para configurar esta p\u00e1gina a la actividad que desempe\u00f1a pertenecen a Tenerife Luxury Residences.<\/p><p>En ambos casos, se encuentran protegidos por las leyes espa\u00f1olas e internacionales sobre Propiedad Intelectual e Industrial. Queda expresamente prohibida la reproducci\u00f3n total o parcial de este sitio Web y de cualquiera de sus contenidos sin el permiso expreso y por escrito de los titulares anteriormente mencionados. El acceso al sitio web no implica ning\u00fan tipo de renuncia, transmisi\u00f3n, licencia o cesi\u00f3n de dichos derechos por parte de los mismos, salvo que se establezca expresamente lo contrario.<\/p><p>Copyright \u00a9 Tenerife Luxury Residences. Todos los derechos reservados.<\/p><p><strong><u>Condiciones de uso<\/u><\/strong><\/p><p>El acceso a este sitio Web implica la aceptaci\u00f3n de estas condiciones de uso sin reservas que regulan el acceso y la utilizaci\u00f3n del mismo con el fin de poner a disposici\u00f3n de los usuarios informaci\u00f3n sobre las propiedades que gestiona como inmobiliaria. Tenerife Luxury Residences no responder\u00e1 de ninguna consecuencia, da\u00f1o o perjuicio que pudieran derivarse de dicha utilizaci\u00f3n o uso de la informaci\u00f3n.<\/p><p>Tanto el acceso a esta Web como el uso que pueda hacerse de la informaci\u00f3n contenida en la misma es de la exclusiva responsabilidad de quien lo realiza.<\/p><p>El usuario se obliga a no utilizar la informaci\u00f3n que se publica en esta Web con fines o efectos il\u00edcitos o lesivos, a no da\u00f1ar o inutilizar la informaci\u00f3n y a no realizar cualquier otra acci\u00f3n que puedan ser contraria al contenido de este Aviso Legal.<\/p><p>Asimismo, el titular de esta web no puede asegurar la inexistencia de interrupciones o errores en el acceso a este sitio Web, aunque pondr\u00e1 sus mayores esfuerzos para evitarlos.<\/p><p><strong><u>Enlaces a otras Webs<\/u><\/strong><\/p><p>Los enlaces que puede encontrar en esta Web son un servicio a los usuarios. Estas p\u00e1ginas no son operadas ni controladas por el titular de esta web, por ello, Tenerife Luxury Residences no se hace responsable de los contenidos de esos sitios Web ni est\u00e1n cubiertos por el presente Aviso Legal. Si accede a estas p\u00e1ginas Webs deber\u00e1 tener en cuenta que sus pol\u00edticas de privacidad pueden ser diferentes a la nuestra.<\/p><p><strong><u>Modificaci\u00f3n de las presentes condiciones y duraci\u00f3n<\/u><\/strong><\/p><p>El titular de esta web podr\u00e1 modificar en cualquier momento las condiciones aqu\u00ed determinadas, siendo debidamente publicadas como aqu\u00ed aparecen, por sus propios criterios o motivado por la modificaci\u00f3n de legislaci\u00f3n o directrices de la Agencia Espa\u00f1ola de Protecci\u00f3n de Datos. La vigencia de las citadas condiciones se aplicar\u00e1 hasta que sean modificadas por otras debidamente publicadas.<\/p><p><strong><u>Legislaci\u00f3n y jurisdicci\u00f3n<\/u><\/strong><\/p><p>La legislaci\u00f3n aplicable al contenido del sitio web ser\u00e1 la espa\u00f1ola y la jurisdicci\u00f3n, la correspondiente a los Juzgados y Tribunales competentes en Santa Cruz de Tenerife.<\/p><p>\u00daltima modificaci\u00f3n: 10 de agosto de 2023<\/p>\t\t\t\t\t\t\t\t<\/div>\n\t\t\t\t<\/div>\n\t\t\t\t\t<\/div>\n\t\t<\/div>\n\t\t\t\t\t<\/div>\n\t\t<\/section>\n\t\t\t\t<\/div>","protected":false},"excerpt":{"rendered":"<p>AVISO LEGAL Identificaci\u00f3n de www.tenerifeluxuryresidences.com Actual Properties, S.L., en adelante, Tenerife Luxury Residences, es una entidad privada, cuyo objeto principal es la gesti\u00f3n inmobiliaria. En cumplimiento con el deber de informaci\u00f3n recogido en el art\u00edculo 10 de la Ley 34\/2002, de 11 de julio, de Servicios de la Sociedad de la Informaci\u00f3n y de Comercio [&hellip;]<\/p>\n","protected":false},"author":1,"featured_media":0,"parent":0,"menu_order":0,"comment_status":"closed","ping_status":"closed","template":"","meta":{"footnotes":""},"class_list":["post-926","page","type-page","status-publish","hentry"],"yoast_head":"<!-- This site is optimized with the Yoast SEO plugin v27.1.1 - https:\/\/yoast.com\/product\/yoast-seo-wordpress\/ -->\n<title>Aviso legal - Real Estate Tenerife Luxury Residences<\/title>\n<meta name=\"robots\" content=\"index, follow, max-snippet:-1, max-image-preview:large, max-video-preview:-1\" \/>\n<link rel=\"canonical\" href=\"https:\/\/tenerifeluxuryresidences.com\/es\/aviso-legal\/\" \/>\n<meta property=\"og:locale\" content=\"es_ES\" \/>\n<meta property=\"og:type\" content=\"article\" \/>\n<meta property=\"og:title\" content=\"Aviso legal - Real Estate Tenerife Luxury Residences\" \/>\n<meta property=\"og:description\" content=\"AVISO LEGAL Identificaci\u00f3n de www.tenerifeluxuryresidences.com Actual Properties, S.L., en adelante, Tenerife Luxury Residences, es una entidad privada, cuyo objeto principal es la gesti\u00f3n inmobiliaria. En cumplimiento con el deber de informaci\u00f3n recogido en el art\u00edculo 10 de la Ley 34\/2002, de 11 de julio, de Servicios de la Sociedad de la Informaci\u00f3n y de Comercio [&hellip;]\" \/>\n<meta property=\"og:url\" content=\"https:\/\/tenerifeluxuryresidences.com\/es\/aviso-legal\/\" \/>\n<meta property=\"og:site_name\" content=\"Real Estate Tenerife Luxury Residences\" \/>\n<meta property=\"article:modified_time\" content=\"2023-09-04T12:04:16+00:00\" \/>\n<meta name=\"twitter:card\" content=\"summary_large_image\" \/>\n<meta name=\"twitter:label1\" content=\"Tiempo de lectura\" \/>\n\t<meta name=\"twitter:data1\" content=\"3 minutos\" \/>\n<script type=\"application\/ld+json\" class=\"yoast-schema-graph\">{\"@context\":\"https:\/\/schema.org\",\"@graph\":[{\"@type\":\"WebPage\",\"@id\":\"https:\/\/tenerifeluxuryresidences.com\/en\/aviso-legal\/\",\"url\":\"https:\/\/tenerifeluxuryresidences.com\/en\/aviso-legal\/\",\"name\":\"Aviso legal - Real Estate Tenerife Luxury Residences\",\"isPartOf\":{\"@id\":\"https:\/\/tenerifeluxuryresidences.com\/#website\"},\"datePublished\":\"2023-03-08T14:12:23+00:00\",\"dateModified\":\"2023-09-04T12:04:16+00:00\",\"breadcrumb\":{\"@id\":\"https:\/\/tenerifeluxuryresidences.com\/en\/aviso-legal\/#breadcrumb\"},\"inLanguage\":\"es\",\"potentialAction\":[{\"@type\":\"ReadAction\",\"target\":[\"https:\/\/tenerifeluxuryresidences.com\/en\/aviso-legal\/\"]}]},{\"@type\":\"BreadcrumbList\",\"@id\":\"https:\/\/tenerifeluxuryresidences.com\/en\/aviso-legal\/#breadcrumb\",\"itemListElement\":[{\"@type\":\"ListItem\",\"position\":1,\"name\":\"Portada\",\"item\":\"https:\/\/tenerifeluxuryresidences.com\/\"},{\"@type\":\"ListItem\",\"position\":2,\"name\":\"Aviso legal\"}]},{\"@type\":\"WebSite\",\"@id\":\"https:\/\/tenerifeluxuryresidences.com\/#website\",\"url\":\"https:\/\/tenerifeluxuryresidences.com\/\",\"name\":\"Real Estate Tenerife Luxury Residences\",\"description\":\"\",\"publisher\":{\"@id\":\"https:\/\/tenerifeluxuryresidences.com\/#organization\"},\"potentialAction\":[{\"@type\":\"SearchAction\",\"target\":{\"@type\":\"EntryPoint\",\"urlTemplate\":\"https:\/\/tenerifeluxuryresidences.com\/?s={search_term_string}\"},\"query-input\":{\"@type\":\"PropertyValueSpecification\",\"valueRequired\":true,\"valueName\":\"search_term_string\"}}],\"inLanguage\":\"es\"},{\"@type\":\"Organization\",\"@id\":\"https:\/\/tenerifeluxuryresidences.com\/#organization\",\"name\":\"Tenerife Luxury Residences\",\"url\":\"https:\/\/tenerifeluxuryresidences.com\/\",\"logo\":{\"@type\":\"ImageObject\",\"inLanguage\":\"es\",\"@id\":\"https:\/\/tenerifeluxuryresidences.com\/#\/schema\/logo\/image\/\",\"url\":\"https:\/\/tenerifeluxuryresidences.com\/wp-content\/uploads\/2023\/02\/logo-dorado-solo-2.png\",\"contentUrl\":\"https:\/\/tenerifeluxuryresidences.com\/wp-content\/uploads\/2023\/02\/logo-dorado-solo-2.png\",\"width\":472,\"height\":394,\"caption\":\"Tenerife Luxury Residences\"},\"image\":{\"@id\":\"https:\/\/tenerifeluxuryresidences.com\/#\/schema\/logo\/image\/\"},\"sameAs\":[\"https:\/\/www.instagram.com\/tenerifeluxuryresidences\/\"]}]}<\/script>\n<!-- \/ Yoast SEO plugin. -->","yoast_head_json":{"title":"Aviso legal - Real Estate Tenerife Luxury Residences","robots":{"index":"index","follow":"follow","max-snippet":"max-snippet:-1","max-image-preview":"max-image-preview:large","max-video-preview":"max-video-preview:-1"},"canonical":"https:\/\/tenerifeluxuryresidences.com\/es\/aviso-legal\/","og_locale":"es_ES","og_type":"article","og_title":"Aviso legal - Real Estate Tenerife Luxury Residences","og_description":"AVISO LEGAL Identificaci\u00f3n de www.tenerifeluxuryresidences.com Actual Properties, S.L., en adelante, Tenerife Luxury Residences, es una entidad privada, cuyo objeto principal es la gesti\u00f3n inmobiliaria. En cumplimiento con el deber de informaci\u00f3n recogido en el art\u00edculo 10 de la Ley 34\/2002, de 11 de julio, de Servicios de la Sociedad de la Informaci\u00f3n y de Comercio [&hellip;]","og_url":"https:\/\/tenerifeluxuryresidences.com\/es\/aviso-legal\/","og_site_name":"Real Estate Tenerife Luxury Residences","article_modified_time":"2023-09-04T12:04:16+00:00","twitter_card":"summary_large_image","twitter_misc":{"Tiempo de lectura":"3 minutos"},"schema":{"@context":"https:\/\/schema.org","@graph":[{"@type":"WebPage","@id":"https:\/\/tenerifeluxuryresidences.com\/en\/aviso-legal\/","url":"https:\/\/tenerifeluxuryresidences.com\/en\/aviso-legal\/","name":"Aviso legal - Real Estate Tenerife Luxury Residences","isPartOf":{"@id":"https:\/\/tenerifeluxuryresidences.com\/#website"},"datePublished":"2023-03-08T14:12:23+00:00","dateModified":"2023-09-04T12:04:16+00:00","breadcrumb":{"@id":"https:\/\/tenerifeluxuryresidences.com\/en\/aviso-legal\/#breadcrumb"},"inLanguage":"es","potentialAction":[{"@type":"ReadAction","target":["https:\/\/tenerifeluxuryresidences.com\/en\/aviso-legal\/"]}]},{"@type":"BreadcrumbList","@id":"https:\/\/tenerifeluxuryresidences.com\/en\/aviso-legal\/#breadcrumb","itemListElement":[{"@type":"ListItem","position":1,"name":"Portada","item":"https:\/\/tenerifeluxuryresidences.com\/"},{"@type":"ListItem","position":2,"name":"Aviso legal"}]},{"@type":"WebSite","@id":"https:\/\/tenerifeluxuryresidences.com\/#website","url":"https:\/\/tenerifeluxuryresidences.com\/","name":"Inmobiliaria Tenerife Luxury Residences","description":"","publisher":{"@id":"https:\/\/tenerifeluxuryresidences.com\/#organization"},"potentialAction":[{"@type":"SearchAction","target":{"@type":"EntryPoint","urlTemplate":"https:\/\/tenerifeluxuryresidences.com\/?s={search_term_string}"},"query-input":{"@type":"PropertyValueSpecification","valueRequired":true,"valueName":"search_term_string"}}],"inLanguage":"es"},{"@type":"Organization","@id":"https:\/\/tenerifeluxuryresidences.com\/#organization","name":"Tenerife Luxury Residences","url":"https:\/\/tenerifeluxuryresidences.com\/","logo":{"@type":"ImageObject","inLanguage":"es","@id":"https:\/\/tenerifeluxuryresidences.com\/#\/schema\/logo\/image\/","url":"https:\/\/tenerifeluxuryresidences.com\/wp-content\/uploads\/2023\/02\/logo-dorado-solo-2.png","contentUrl":"https:\/\/tenerifeluxuryresidences.com\/wp-content\/uploads\/2023\/02\/logo-dorado-solo-2.png","width":472,"height":394,"caption":"Tenerife Luxury Residences"},"image":{"@id":"https:\/\/tenerifeluxuryresidences.com\/#\/schema\/logo\/image\/"},"sameAs":["https:\/\/www.instagram.com\/tenerifeluxuryresidences\/"]}]}},"_links":{"self":[{"href":"https:\/\/tenerifeluxuryresidences.com\/es\/wp-json\/wp\/v2\/pages\/926","targetHints":{"allow":["GET"]}}],"collection":[{"href":"https:\/\/tenerifeluxuryresidences.com\/es\/wp-json\/wp\/v2\/pages"}],"about":[{"href":"https:\/\/tenerifeluxuryresidences.com\/es\/wp-json\/wp\/v2\/types\/page"}],"author":[{"embeddable":true,"href":"https:\/\/tenerifeluxuryresidences.com\/es\/wp-json\/wp\/v2\/users\/1"}],"replies":[{"embeddable":true,"href":"https:\/\/tenerifeluxuryresidences.com\/es\/wp-json\/wp\/v2\/comments?post=926"}],"version-history":[{"count":0,"href":"https:\/\/tenerifeluxuryresidences.com\/es\/wp-json\/wp\/v2\/pages\/926\/revisions"}],"wp:attachment":[{"href":"https:\/\/tenerifeluxuryresidences.com\/es\/wp-json\/wp\/v2\/media?parent=926"}],"curies":[{"name":"wp","href":"https:\/\/api.w.org\/{rel}","templated":true}]}}