{"id":1496,"date":"2023-04-14T10:19:34","date_gmt":"2023-04-14T10:19:34","guid":{"rendered":"https:\/\/tenerifeluxuryresidences.com\/?page_id=1496"},"modified":"2023-09-04T11:56:08","modified_gmt":"2023-09-04T11:56:08","slug":"politica-de-cookies","status":"publish","type":"page","link":"https:\/\/tenerifeluxuryresidences.com\/nl\/politica-de-cookies\/","title":{"rendered":"COOKIEBELEID"},"content":{"rendered":"<div data-elementor-type=\"wp-page\" data-elementor-id=\"1496\" class=\"elementor elementor-1496\" data-elementor-post-type=\"page\">\n\t\t\t\t<div class=\"elementor-element elementor-element-66f478f e-con-full e-flex e-con e-parent\" data-id=\"66f478f\" data-element_type=\"container\" data-e-type=\"container\">\n\t\t\t\t<div class=\"elementor-element elementor-element-415c70e elementor-widget elementor-widget-text-editor\" data-id=\"415c70e\" data-element_type=\"widget\" data-e-type=\"widget\" data-widget_type=\"text-editor.default\">\n\t\t\t\t<div class=\"elementor-widget-container\">\n\t\t\t\t\t\t\t\t\t<p><strong>COOKIEBELEID<\/strong><\/p><p><strong style=\"text-align: var(--text-align);\"><u>Transparencia en la informaci\u00f3n e identificaci\u00f3n del editor responsable de https:\/\/tenerifeluxuryresidences.com\/<\/u><\/strong><\/p><p>A trav\u00e9s de la presente pol\u00edtica de cookies, <strong>Feitelijke eigendommen, S.L.<\/strong>, en adelante, <strong>Tenerife Luxury Residences<\/strong>, se compromete a ser lo m\u00e1s transparente posible a la hora de facilitarle la informaci\u00f3n acerca del tratamiento que realizamos al navegar por https:\/\/tenerifeluxuryresidences.com\/, para dar as\u00ed cumplimiento con el deber de informaci\u00f3n recogido en el art\u00edculo 22.2 de la <a href=\"https:\/\/www.boe.es\/buscar\/act.php?id=BOE-A-2002-13758\">Ley 34\/2002, de 11 de julio, de Servicios de la Sociedad de la Informaci\u00f3n y de Comercio Electr\u00f3nico<\/a> (<strong>LSSICE).<\/strong><\/p><p>Cualquier duda que tenga al respecto, puede ponerse en contacto con nosotros mediante los canales de comunicaci\u00f3n indicados en el apartado de nuestra <a href=\"https:\/\/tenerifeluxuryresidences.com\/nl\/privacybeleid\/\">Pol\u00edtica de Privacidad<\/a>.<\/p><p><strong><u>\u00bfQu\u00e9 es una cookie?<\/u><\/strong><\/p><p>La web www.tenerifeluxuryresidences.com utiliza cookies y\/o tecnolog\u00edas similares que almacenan y recuperan informaci\u00f3n cuando navegas. En general, estas tecnolog\u00edas pueden servir para finalidades muy diversas, como, por ejemplo, reconocerte como usuario, obtener informaci\u00f3n sobre tus h\u00e1bitos de navegaci\u00f3n, o personalizar la forma en que se muestra el contenido. Los usos concretos que hacemos de estas tecnolog\u00edas se describen en el siguiente apartado. Para conocer todas las cookies existentes, puedes acceder a la <a href=\"https:\/\/www.aepd.es\/es\/documento\/guia-cookies.pdf\">Gu\u00eda de cookies publicada por la Agencia Espa\u00f1ola de Protecci\u00f3n de Datos<\/a>.<\/p><p><strong><u>\u00bfQu\u00e9 tipos de cookies utilizamos?<\/u><\/strong><\/p><p>Seg\u00fan quien realice la gesti\u00f3n, utilizamos:<\/p><ol><li><strong>Cookies propias: <\/strong>son aquellas que se env\u00edan al equipo terminal del usuario desde un equipo o dominio gestionado por el propio editor y desde el que se presta el servicio solicitado por el usuario.<\/li><\/ol><ol><li><strong>Cookies de terceros: <\/strong>son aquellas que se env\u00edan al equipo terminal del usuario desde un equipo o dominio que no es gestionado por el editor, sino por otra entidad que trata los datos obtenidos trav\u00e9s de las cookies. En el cuadro <em>RELACI\u00d3N DE COOKIES DE \u00abRT_WEB<\/em>\u00bb le identificamos los terceros para el cual se requiera el uso de cookies.<\/li><\/ol><p>Seg\u00fan el tipo de finalidad, utilizamos:<\/p><ol><li><strong>Cookies t\u00e9cnicas: <\/strong>son aqu\u00e9llas que permiten al usuario la navegaci\u00f3n a trav\u00e9s de una p\u00e1gina web, plataforma o aplicaci\u00f3n y la utilizaci\u00f3n de las diferentes opciones\/servicios que existen en ella <em>(por ejemplo: identificar una sesi\u00f3n, acceder a lugares de acceso restringido, recordar elementos que integran una compra, realizar el proceso de compra de un pedido, almacenar contenidos para la difusi\u00f3n de videos o sonido o compartir contenidos a trav\u00e9s de redes sociales, etc.<\/em>). Las cookies t\u00e9cnicas est\u00e1n exceptuadas del cumplimiento de las obligaciones de solicitud de consentimiento previo a su instalaci\u00f3n, cuando permitan prestar el servicio solicitado por el usuario.<\/li><\/ol><ol><li><strong>Anal\u00edticas<\/strong>: son aquellas que permiten al responsable de las mismas el seguimiento y an\u00e1lisis del comportamiento de los usuarios de los sitios web a los que est\u00e1n vinculadas, incluida la cuantificaci\u00f3n de los impactos de los anuncios. La informaci\u00f3n recogida mediante este tipo de cookies se utiliza en la medici\u00f3n de la actividad de los sitios web, aplicaci\u00f3n o plataforma, con el fin de introducir mejoras en funci\u00f3n del an\u00e1lisis de los datos de uso que hacen los usuarios del servicio.<\/li><\/ol><ol><li><strong>Cookies de preferencias o personalizaci\u00f3n: <\/strong>son las que permiten recordar las preferencias de los usuarios cuando navegan en una web que ya han visitado. Por ejemplo, permiten recordar el idioma preferido de uso de la web, la regi\u00f3n en la cual se encuentra el usuario para proponerle contenido adecuado, o tambi\u00e9n el tipo de navegador a trav\u00e9s del cual acceder a un servicio concreto etc. Las cookies de preferencias son tambi\u00e9n las que permiten cambiar el tama\u00f1o del texto, la fuente o las otras partes de las p\u00e1ginas web que se pueden personalizar.\u00a0El objetivo de las cookies de personalizaci\u00f3n es ofrecer a los usuarios una navegaci\u00f3n m\u00e1s f\u00e1cil, fluida y personalizada.<\/li><\/ol><p>Seg\u00fan el plazo de tiempo que permanecen activas, utilizamos:<\/p><ol><li><strong>Cookies de sesi\u00f3n:<\/strong> son aquellas dise\u00f1adas para recabar y almacenar datos mientras el usuario accede a una p\u00e1gina web. Se suelen emplear para almacenar informaci\u00f3n que solo interesa conservar para la prestaci\u00f3n del servicio solicitado por el usuario en una sola ocasi\u00f3n (por ejemplo, una lista de productos adquiridos) y desaparecen al terminar la sesi\u00f3n.<\/li><\/ol><ol><li><strong>Cookies persistentes:<\/strong> son aquellas en las que los datos siguen almacenados en el terminal y pueden ser accedidos y tratados durante un periodo definido por el responsable de la cookie, y que puede ir de unos minutos a varios a\u00f1os.<\/li><\/ol><p><strong><u>\u00bfCu\u00e1l es el nivel de intromisi\u00f3n asociados a las cookies que usamos?<\/u><\/strong><\/p><p>Las cookies incorporan un criterio de &#8220;nivel de intrusi\u00f3n&#8221; apoyado en una escala del 1 al 3, en la que:<\/p><p><strong>Nivel 1<\/strong>: Se corresponde con cookies de uso interno imprescindibles para la prestaci\u00f3n del propio servicio solicitado por el usuario (t\u00e9cnicas)<\/p><p><strong>Nivel 2<\/strong>: Se corresponde con cookies an\u00f3nimas de uso interno necesarias para el mantenimiento de contenidos y navegaci\u00f3n, as\u00ed como a cookies gestionadas por terceros en el marco de servicios solicitados expresamente por el usuario en las webs de aquellos (ej.: Complementos Sociales de Facebook Twitter o Linkedin, v\u00eddeos incrustados, mapas).<\/p><p><strong><u>\u00a0<\/u><\/strong><\/p><p><strong><u>\u00a0<\/u><\/strong><\/p><p><strong><u>\u00bfCu\u00e1les son las cookies de este sitio web https:\/\/tenerifeluxuryresidences.com\/?<\/u><\/strong><\/p><table width=\"1300\"><tbody><tr><td colspan=\"6\" width=\"669\"><strong>RELACI\u00d3N DE COOKIES DE www.tenerifeluxuryresidences.com<\/strong><\/td><\/tr><tr><td width=\"92\"><strong>TIPO DE COOKIE<\/strong><\/td><td width=\"95\"><strong>GESTOR<\/strong><\/td><td width=\"94\"><strong>COOKIE<\/strong><\/td><td width=\"95\"><strong>DURACI\u00d3N<\/strong><\/td><td width=\"47\"><strong>NIVEL<\/strong><\/td><td width=\"246\"><strong>FINALIDAD<\/strong><\/td><\/tr><tr><td width=\"92\"><strong>ANAL\u00cdTICA<\/strong><\/td><td width=\"95\">.tenerifeluxuryresidences.com<\/td><td width=\"94\">_ga<\/td><td width=\"95\">13 maanden<\/td><td width=\"47\">2<\/td><td width=\"246\"><br \/><br \/>La cookie &#8220;_ga&#8221; es utilizada por Google Analytics, una herramienta de an\u00e1lisis web que permite a los propietarios de sitios web comprender c\u00f3mo los usuarios interact\u00faan con su sitio. Esta cookie es parte del servicio de Google Analytics y se utiliza para distinguir usuarios \u00fanicos asign\u00e1ndoles un identificador aleatorio.<br \/><br \/><\/td><\/tr><tr><td width=\"92\"><strong>ANAL\u00cdTICA<\/strong><\/td><td width=\"95\">.tenerifeluxuryresidences.com<\/td><td width=\"94\">_gat_gtag_UA_257343335_1<\/td><td width=\"95\">1 minuut<\/td><td width=\"47\">2<\/td><td width=\"246\"><br \/><br \/>Wordt gebruikt om de hoeveelheid aanvragen te beperken die worden verzonden naar de Google Analytics-dienst op websites die gebruikmaken van de volgcode van gtag.js. Esta cookie se encarga de controlar la cantidad de datos que se env\u00edan a Google Analytics, lo que ayuda a garantizar que no se sobrecargue el servidor y que se cumplan las pol\u00edticas de uso del servicio.<br \/><br \/><\/td><\/tr><tr><td width=\"92\"><strong>ANAL\u00cdTICA<\/strong><\/td><td width=\"95\">.tenerifeluxuryresidences.com<\/td><td width=\"94\">_gid<\/td><td width=\"95\">1 dag<\/td><td width=\"47\">2<\/td><td width=\"246\"><br \/><br \/>La cookie &#8220;_gid&#8221; es utilizada por Google Analytics y cumple una funci\u00f3n similar a la cookie &#8220;_ga&#8221;. Es utilizada para distinguir a los usuarios \u00fanicos al asignarles un identificador \u00fanico, pero a diferencia de &#8220;_ga&#8221;, la cookie &#8220;_gid&#8221; se utiliza para distinguir a los usuarios en una sesi\u00f3n espec\u00edfica. Esto significa que se establece al inicio de cada sesi\u00f3n y se actualiza cada vez que el usuario visita una p\u00e1gina diferente dentro del sitio web.<br \/><br \/><\/td><\/tr><tr><td width=\"92\"><strong>ANAL\u00cdTICA<\/strong><\/td><td width=\"95\">.youtube.com<\/td><td width=\"94\">YSC<\/td><td width=\"95\">Sesi\u00f3n<\/td><td width=\"47\">2<\/td><td width=\"246\"><br \/><br \/>La cookie &#8220;YSC&#8221; es una cookie utilizada por YouTube (propiedad de Google) para rastrear las vistas de videos incorporados en otros sitios web. Su funci\u00f3n principal es medir las interacciones de los usuarios con los videos incrustados y recopilar informaci\u00f3n anal\u00edtica relacionada con el rendimiento de los videos.<br \/><br \/><\/td><\/tr><tr><td width=\"92\"><strong>PERSONALIZACI\u00d3N<\/strong><\/td><td width=\"95\">.youtube.com<\/td><td width=\"94\">PREF<\/td><td width=\"95\">13 maanden<\/td><td width=\"47\">2<\/td><td width=\"246\"><br \/><br \/>la cookie &#8220;PREF&#8221; es utilizada por YouTube (propiedad de Google) para almacenar preferencias y configuraciones del usuario, como el idioma preferido y la calidad de reproducci\u00f3n de los videos.<br \/><br \/><\/td><\/tr><tr><td width=\"92\"><strong>T\u00c9CNICA<\/strong><\/td><td width=\"95\">.youtube.com<\/td><td width=\"94\">__Veilig-YEC<\/td><td width=\"95\">13 maanden<\/td><td width=\"47\">2<\/td><td width=\"246\"><br \/><br \/>Estas cookies se establecen en respuesta a una acci\u00f3n que realiza: ver o cargar un video de YouTube en este sitio web.<br \/><br \/><\/td><\/tr><tr><td width=\"92\"><strong>T\u00c9CNICA<\/strong><\/td><td width=\"95\">.youtube.com<\/td><td width=\"94\">TOESTEMMING<\/td><td width=\"95\">13 maanden<\/td><td width=\"47\">2<\/td><td width=\"246\"><br \/><br \/>De belangrijkste functie is het registreren van de toestemming van de gebruiker voor het gebruik van cookies op de website. Er wordt geen direct identificeerbare persoonlijke informatie opgenomen en er wordt geen gebruik van gemaakt om gegevens van gebruikers op te slaan of te kopi\u00ebren.<br \/><br \/><\/td><\/tr><tr><td width=\"92\"><strong>T\u00c9CNICA<\/strong><\/td><td width=\"95\">.youtube.com<\/td><td width=\"94\">LOGIN_INFO<\/td><td width=\"95\">13 maanden<\/td><td width=\"47\">2<\/td><td width=\"246\"><br \/><br \/>La cookie &#8220;LOGIN_INFO&#8221; es utilizada por YouTube para recordar la informaci\u00f3n de inicio de sesi\u00f3n del usuario, como su nombre de usuario y preferencias, cuando accede al sitio web de YouTube.<br \/><br \/><\/td><\/tr><tr><td width=\"92\"><strong>T\u00c9CNICA<\/strong><\/td><td width=\"95\">.youtube.com<\/td><td width=\"94\">SOCS<\/td><td width=\"95\">1 jaar<\/td><td width=\"47\">2<\/td><td width=\"246\"><br \/><br \/>Gebruiken om hun cookies te bewaken<br \/><br \/><\/td><\/tr><tr><td width=\"92\"><strong>T\u00c9CNICA<\/strong><\/td><td width=\"95\">www.google.com<\/td><td width=\"94\">_GRECAPTCHA<\/td><td width=\"95\">6 maanden<\/td><td width=\"47\">2<\/td><td width=\"246\"><br \/><br \/>La cookie &#8220;_GRECAPTCHA&#8221; es utilizada por el servicio reCAPTCHA de Google. reCAPTCHA es una herramienta de seguridad que ayuda a proteger los sitios web contra el abuso y el spam, verificando que los usuarios sean humanos y no bots automatizados.<br \/><br \/><\/td><\/tr><tr><td width=\"92\"><strong>INDEFINIDA<\/strong><\/td><td width=\"95\">.tenerifeluxuryresidences.com<\/td><td width=\"94\">_ga_FKXMG0PHF4<\/td><td width=\"95\">13 maanden<\/td><td width=\"47\">\u00a0<\/td><td width=\"246\">Onbepaald<\/td><\/tr><tr><td width=\"92\"><strong>INDEFINIDA<\/strong><\/td><td width=\"95\">.tenerifeluxuryresidences.com<\/td><td width=\"94\">_ga_FLDK4MKN5Q<\/td><td width=\"95\">13 maanden<\/td><td width=\"47\">\u00a0<\/td><td width=\"246\">Onbepaald<\/td><\/tr><\/tbody><\/table><p><br \/><br \/><strong><u>\u00bfC\u00f3mo recogen mi consentimiento para la instalaci\u00f3n de las cookies?<\/u><\/strong><\/p><p>Al acceder a nuestra web https:\/\/tenerifeluxuryresidences.com\/, aparecer\u00e1 un aviso en primera capa informativa en donde podr\u00e1 aceptar, denegar o configurar las cookies utilizadas. Una vez configurado \/aceptado \/denegado, podr\u00e1 volver a configurar sus preferencias de cookies tal y como le indicamos a continuaci\u00f3n.<\/p><p>Tenga en cuenta que, si acepta las cookies de terceros y posteriormente desea eliminarlas, deber\u00e1 eliminarlas desde las opciones del navegador o desde el sistema ofrecido por el propio tercero.<\/p><p><strong><u>\u00bfC\u00f3mo puedo configurar mis preferencias de navegaci\u00f3n? <\/u><\/strong><\/p><p>A continuaci\u00f3n, te proponemos los enlaces de diferentes navegadores y aplicaciones m\u00e1s frecuentes, para ayudarte a configurar tus preferencias con respecto a las cookies:<\/p><p><strong>NAVEGADORES<\/strong><\/p><p><a href=\"http:\/\/support.google.com\/chrome\/bin\/answer.py?hl=es&amp;answer=95647\">CHROME<\/a>\u00a0\u00a0\u00a0\u00a0\u00a0\u00a0\u00a0\u00a0\u00a0 <a href=\"http:\/\/support.mozilla.org\/es\/kb\/configuracion-de-la-privacidad-el-historial-de-nav?redirectlocale=es&amp;as=u&amp;redirectslug=Ventana+Opciones+-+Panel+Privacidad#w_rastrear\">FIREFOX<\/a> \u00a0\u00a0\u00a0\u00a0\u00a0\u00a0\u00a0\u00a0\u00a0\u00a0<a href=\"http:\/\/windows.microsoft.com\/es-xl\/internet-explorer\/delete-manage-cookies#ie=ie-11\">INTERNET EXPLORER<\/a>\u00a0\u00a0\u00a0 \u00a0\u00a0\u00a0\u00a0\u00a0<a href=\"http:\/\/support.apple.com\/kb\/PH5042\">SAFARI<\/a><\/p><p><a href=\"https:\/\/support.microsoft.com\/es-es\/help\/11696\/windows-phone-7\">INTERNET EXPLORER (WINDOWS PHONE)<\/a>\u00a0\u00a0\u00a0\u00a0 <a href=\"https:\/\/support.apple.com\/es-es\/HT201265\">SAFARI PARA IOS (IPHONE Y IPAD)<\/a><\/p><p><u>CHROME PARA ANDROID<\/u><\/p><p><strong>APLICACIONES<\/strong><\/p><p><a href=\"https:\/\/es-la.facebook.com\/help\/instagram\/402411646841720\">INSTAGRAM<\/a>\u00a0\u00a0\u00a0 <a href=\"https:\/\/policies.google.com\/privacy\">YOUTUBE<\/a>\u00a0\u00a0\u00a0 \u00a0<a href=\"https:\/\/help.twitter.com\/es\/rules-and-policies\/twitter-cookies\">TWITTER<\/a> \u00a0\u00a0\u00a0\u00a0<a href=\"https:\/\/vimeo.com\/cookie_policy\">VIMEO<\/a>\u00a0\u00a0\u00a0 \u00a0<a href=\"https:\/\/www.linkedin.com\/legal\/cookie-policy?_l=es_ES\">LINKEDIN<\/a>\u00a0\u00a0\u00a0\u00a0\u00a0 <a href=\"https:\/\/policy.pinterest.com\/es\/cookies\">PINTEREST<\/a> \u00a0\u00a0\u00a0\u00a0<a href=\"https:\/\/es-la.facebook.com\/msqrd\/privacy\">FACEBOOK<\/a><\/p><p><strong style=\"text-align: var(--text-align);\"><u>\u00bfExisten transferencias internacionales de datos?<\/u><\/strong><\/p><p>Nuestra empresa no tiene la intenci\u00f3n de tratar sus datos personales fuera del territorio del Espacio Econ\u00f3mico Europeo. Es por ello, que ha indicado en sus contratos con terceros, que nos informen acerca de la ubicaci\u00f3n de sus servidores de alojamiento de informaci\u00f3n, a fin de poder garantizar que los mismos se encuentran en un pa\u00eds con garant\u00edas de seguridad suficientes.<\/p><p>No obstante, los terceros que gestionan sus propias cookies pueden realizar sus propias transferencias internacionales. Puedes informarte de las transferencias a terceros pa\u00edses que, en su caso, realizan los terceros identificados en esta pol\u00edtica de cookies en sus correspondientes pol\u00edticas (ver los enlaces facilitados en la columna <em>youtube.com<\/em> del apartado <em>\u00bfCu\u00e1les son las cookies de este sitio web?<\/em><\/p><p><strong><u>\u00bfD\u00f3nde puedo conseguir m\u00e1s informaci\u00f3n relacionada con la protecci\u00f3n de datos y las cookies?<\/u><\/strong><\/p><p>En nuestra <a href=\"https:\/\/tenerifeluxuryresidences.com\/nl\/privacybeleid\/\">Pol\u00edtica de privacidad<\/a>, hemos publicado el resto de informaci\u00f3n exigida por el art\u00edculo 13 del RGPD 2016\/679 que no se refiere de forma espec\u00edfica a las cookies (por ejemplo, los derechos de los interesados).<\/p><p><strong><u>\u00bfY m\u00e1s informaci\u00f3n acerca de las cookies?<\/u><\/strong><\/p><p>En la <a href=\"https:\/\/www.aepd.es\/es\/documento\/guia-cookies.pdf\">Gu\u00eda de cookies publicada por la Agencia Espa\u00f1ola de Protecci\u00f3n de Datos<\/a>.<\/p><p>Laatste wijziging: 10 de agosto de 2023\u00a0<\/p>\t\t\t\t\t\t\t\t<\/div>\n\t\t\t\t<\/div>\n\t\t\t\t<\/div>\n\t\t\t\t<\/div>","protected":false},"excerpt":{"rendered":"<p>POL\u00cdTICA DE COOKIES Transparencia en la informaci\u00f3n e identificaci\u00f3n del editor responsable de https:\/\/tenerifeluxuryresidences.com\/ A trav\u00e9s de la presente pol\u00edtica de cookies, Actual Properties, S.L., en adelante, Tenerife Luxury Residences, se compromete a ser lo m\u00e1s transparente posible a la hora de facilitarle la informaci\u00f3n acerca del tratamiento que realizamos al navegar por https:\/\/tenerifeluxuryresidences.com\/, para [&hellip;]<\/p>\n","protected":false},"author":1,"featured_media":0,"parent":0,"menu_order":0,"comment_status":"closed","ping_status":"closed","template":"elementor_header_footer","meta":{"footnotes":""},"class_list":["post-1496","page","type-page","status-publish","hentry"],"yoast_head":"<!-- This site is optimized with the Yoast SEO plugin v27.1.1 - https:\/\/yoast.com\/product\/yoast-seo-wordpress\/ -->\n<title>POL\u00cdTICA DE COOKIES - Real Estate Tenerife Luxury Residences<\/title>\n<meta name=\"robots\" content=\"index, follow, max-snippet:-1, max-image-preview:large, max-video-preview:-1\" \/>\n<link rel=\"canonical\" href=\"https:\/\/tenerifeluxuryresidences.com\/nl\/politica-de-cookies\/\" \/>\n<meta property=\"og:locale\" content=\"nl_BE\" \/>\n<meta property=\"og:type\" content=\"article\" \/>\n<meta property=\"og:title\" content=\"POL\u00cdTICA DE COOKIES - Real Estate Tenerife Luxury Residences\" \/>\n<meta property=\"og:description\" content=\"POL\u00cdTICA DE COOKIES Transparencia en la informaci\u00f3n e identificaci\u00f3n del editor responsable de https:\/\/tenerifeluxuryresidences.com\/ A trav\u00e9s de la presente pol\u00edtica de cookies, Actual Properties, S.L., en adelante, Tenerife Luxury Residences, se compromete a ser lo m\u00e1s transparente posible a la hora de facilitarle la informaci\u00f3n acerca del tratamiento que realizamos al navegar por https:\/\/tenerifeluxuryresidences.com\/, para [&hellip;]\" \/>\n<meta property=\"og:url\" content=\"https:\/\/tenerifeluxuryresidences.com\/nl\/politica-de-cookies\/\" \/>\n<meta property=\"og:site_name\" content=\"Real Estate Tenerife Luxury Residences\" \/>\n<meta property=\"article:modified_time\" content=\"2023-09-04T11:56:08+00:00\" \/>\n<meta name=\"twitter:card\" content=\"summary_large_image\" \/>\n<meta name=\"twitter:label1\" content=\"Geschatte leestijd\" \/>\n\t<meta name=\"twitter:data1\" content=\"8 minuten\" \/>\n<script type=\"application\/ld+json\" class=\"yoast-schema-graph\">{\"@context\":\"https:\/\/schema.org\",\"@graph\":[{\"@type\":\"WebPage\",\"@id\":\"https:\/\/tenerifeluxuryresidences.com\/politica-de-cookies\/\",\"url\":\"https:\/\/tenerifeluxuryresidences.com\/politica-de-cookies\/\",\"name\":\"POL\u00cdTICA DE COOKIES - Real Estate Tenerife Luxury Residences\",\"isPartOf\":{\"@id\":\"https:\/\/tenerifeluxuryresidences.com\/#website\"},\"datePublished\":\"2023-04-14T10:19:34+00:00\",\"dateModified\":\"2023-09-04T11:56:08+00:00\",\"breadcrumb\":{\"@id\":\"https:\/\/tenerifeluxuryresidences.com\/politica-de-cookies\/#breadcrumb\"},\"inLanguage\":\"nl-BE\",\"potentialAction\":[{\"@type\":\"ReadAction\",\"target\":[\"https:\/\/tenerifeluxuryresidences.com\/politica-de-cookies\/\"]}]},{\"@type\":\"BreadcrumbList\",\"@id\":\"https:\/\/tenerifeluxuryresidences.com\/politica-de-cookies\/#breadcrumb\",\"itemListElement\":[{\"@type\":\"ListItem\",\"position\":1,\"name\":\"Portada\",\"item\":\"https:\/\/tenerifeluxuryresidences.com\/\"},{\"@type\":\"ListItem\",\"position\":2,\"name\":\"POL\u00cdTICA DE COOKIES\"}]},{\"@type\":\"WebSite\",\"@id\":\"https:\/\/tenerifeluxuryresidences.com\/#website\",\"url\":\"https:\/\/tenerifeluxuryresidences.com\/\",\"name\":\"Real Estate Tenerife Luxury Residences\",\"description\":\"\",\"publisher\":{\"@id\":\"https:\/\/tenerifeluxuryresidences.com\/#organization\"},\"potentialAction\":[{\"@type\":\"SearchAction\",\"target\":{\"@type\":\"EntryPoint\",\"urlTemplate\":\"https:\/\/tenerifeluxuryresidences.com\/?s={search_term_string}\"},\"query-input\":{\"@type\":\"PropertyValueSpecification\",\"valueRequired\":true,\"valueName\":\"search_term_string\"}}],\"inLanguage\":\"nl-BE\"},{\"@type\":\"Organization\",\"@id\":\"https:\/\/tenerifeluxuryresidences.com\/#organization\",\"name\":\"Tenerife Luxury Residences\",\"url\":\"https:\/\/tenerifeluxuryresidences.com\/\",\"logo\":{\"@type\":\"ImageObject\",\"inLanguage\":\"nl-BE\",\"@id\":\"https:\/\/tenerifeluxuryresidences.com\/#\/schema\/logo\/image\/\",\"url\":\"https:\/\/tenerifeluxuryresidences.com\/wp-content\/uploads\/2023\/02\/logo-dorado-solo-2.png\",\"contentUrl\":\"https:\/\/tenerifeluxuryresidences.com\/wp-content\/uploads\/2023\/02\/logo-dorado-solo-2.png\",\"width\":472,\"height\":394,\"caption\":\"Tenerife Luxury Residences\"},\"image\":{\"@id\":\"https:\/\/tenerifeluxuryresidences.com\/#\/schema\/logo\/image\/\"},\"sameAs\":[\"https:\/\/www.instagram.com\/tenerifeluxuryresidences\/\"]}]}<\/script>\n<!-- \/ Yoast SEO plugin. -->","yoast_head_json":{"title":"POL\u00cdTICA DE COOKIES - Real Estate Tenerife Luxury Residences","robots":{"index":"index","follow":"follow","max-snippet":"max-snippet:-1","max-image-preview":"max-image-preview:large","max-video-preview":"max-video-preview:-1"},"canonical":"https:\/\/tenerifeluxuryresidences.com\/nl\/politica-de-cookies\/","og_locale":"nl_BE","og_type":"article","og_title":"POL\u00cdTICA DE COOKIES - Real Estate Tenerife Luxury Residences","og_description":"POL\u00cdTICA DE COOKIES Transparencia en la informaci\u00f3n e identificaci\u00f3n del editor responsable de https:\/\/tenerifeluxuryresidences.com\/ A trav\u00e9s de la presente pol\u00edtica de cookies, Actual Properties, S.L., en adelante, Tenerife Luxury Residences, se compromete a ser lo m\u00e1s transparente posible a la hora de facilitarle la informaci\u00f3n acerca del tratamiento que realizamos al navegar por https:\/\/tenerifeluxuryresidences.com\/, para [&hellip;]","og_url":"https:\/\/tenerifeluxuryresidences.com\/nl\/politica-de-cookies\/","og_site_name":"Real Estate Tenerife Luxury Residences","article_modified_time":"2023-09-04T11:56:08+00:00","twitter_card":"summary_large_image","twitter_misc":{"Geschatte leestijd":"8 minuten"},"schema":{"@context":"https:\/\/schema.org","@graph":[{"@type":"WebPage","@id":"https:\/\/tenerifeluxuryresidences.com\/politica-de-cookies\/","url":"https:\/\/tenerifeluxuryresidences.com\/politica-de-cookies\/","name":"POL\u00cdTICA DE COOKIES - Real Estate Tenerife Luxury Residences","isPartOf":{"@id":"https:\/\/tenerifeluxuryresidences.com\/#website"},"datePublished":"2023-04-14T10:19:34+00:00","dateModified":"2023-09-04T11:56:08+00:00","breadcrumb":{"@id":"https:\/\/tenerifeluxuryresidences.com\/politica-de-cookies\/#breadcrumb"},"inLanguage":"nl-BE","potentialAction":[{"@type":"ReadAction","target":["https:\/\/tenerifeluxuryresidences.com\/politica-de-cookies\/"]}]},{"@type":"BreadcrumbList","@id":"https:\/\/tenerifeluxuryresidences.com\/politica-de-cookies\/#breadcrumb","itemListElement":[{"@type":"ListItem","position":1,"name":"Portada","item":"https:\/\/tenerifeluxuryresidences.com\/"},{"@type":"ListItem","position":2,"name":"POL\u00cdTICA DE COOKIES"}]},{"@type":"WebSite","@id":"https:\/\/tenerifeluxuryresidences.com\/#website","url":"https:\/\/tenerifeluxuryresidences.com\/","name":"Onroerend goed Tenerife Luxury Residences","description":"","publisher":{"@id":"https:\/\/tenerifeluxuryresidences.com\/#organization"},"potentialAction":[{"@type":"SearchAction","target":{"@type":"EntryPoint","urlTemplate":"https:\/\/tenerifeluxuryresidences.com\/?s={search_term_string}"},"query-input":{"@type":"PropertyValueSpecification","valueRequired":true,"valueName":"search_term_string"}}],"inLanguage":"nl-BE"},{"@type":"Organization","@id":"https:\/\/tenerifeluxuryresidences.com\/#organization","name":"Tenerife Luxury Residences","url":"https:\/\/tenerifeluxuryresidences.com\/","logo":{"@type":"ImageObject","inLanguage":"nl-BE","@id":"https:\/\/tenerifeluxuryresidences.com\/#\/schema\/logo\/image\/","url":"https:\/\/tenerifeluxuryresidences.com\/wp-content\/uploads\/2023\/02\/logo-dorado-solo-2.png","contentUrl":"https:\/\/tenerifeluxuryresidences.com\/wp-content\/uploads\/2023\/02\/logo-dorado-solo-2.png","width":472,"height":394,"caption":"Tenerife Luxury Residences"},"image":{"@id":"https:\/\/tenerifeluxuryresidences.com\/#\/schema\/logo\/image\/"},"sameAs":["https:\/\/www.instagram.com\/tenerifeluxuryresidences\/"]}]}},"_links":{"self":[{"href":"https:\/\/tenerifeluxuryresidences.com\/nl\/wp-json\/wp\/v2\/pages\/1496","targetHints":{"allow":["GET"]}}],"collection":[{"href":"https:\/\/tenerifeluxuryresidences.com\/nl\/wp-json\/wp\/v2\/pages"}],"about":[{"href":"https:\/\/tenerifeluxuryresidences.com\/nl\/wp-json\/wp\/v2\/types\/page"}],"author":[{"embeddable":true,"href":"https:\/\/tenerifeluxuryresidences.com\/nl\/wp-json\/wp\/v2\/users\/1"}],"replies":[{"embeddable":true,"href":"https:\/\/tenerifeluxuryresidences.com\/nl\/wp-json\/wp\/v2\/comments?post=1496"}],"version-history":[{"count":0,"href":"https:\/\/tenerifeluxuryresidences.com\/nl\/wp-json\/wp\/v2\/pages\/1496\/revisions"}],"wp:attachment":[{"href":"https:\/\/tenerifeluxuryresidences.com\/nl\/wp-json\/wp\/v2\/media?parent=1496"}],"curies":[{"name":"wp","href":"https:\/\/api.w.org\/{rel}","templated":true}]}}